{"id":28,"date":"2022-09-24T18:30:33","date_gmt":"2022-09-24T18:30:33","guid":{"rendered":"https:\/\/www.mixedpicklesbigband.ch\/wordpress\/?page_id=28"},"modified":"2025-09-14T06:23:07","modified_gmt":"2025-09-14T06:23:07","slug":"willkommen","status":"publish","type":"page","link":"https:\/\/www.mixedpicklesbigband.ch\/wordpress\/","title":{"rendered":"Willkommen"},"content":{"rendered":"<p><img loading=\"lazy\" decoding=\"async\" class=\"size-full wp-image-424 alignright\" src=\"https:\/\/www.mixedpicklesbigband.ch\/wordpress\/wp-content\/uploads\/2025\/09\/2025-mpbb-sp1.jpg\" alt=\"\" width=\"527\" height=\"758\" srcset=\"https:\/\/www.mixedpicklesbigband.ch\/wordpress\/wp-content\/uploads\/2025\/09\/2025-mpbb-sp1.jpg 527w, https:\/\/www.mixedpicklesbigband.ch\/wordpress\/wp-content\/uploads\/2025\/09\/2025-mpbb-sp1-209x300.jpg 209w\" sizes=\"auto, (max-width: 527px) 100vw, 527px\" \/> \u00a0Die Mixed Pickles Big Band heisst Sie willkommen!<\/p>\n<p>Mixed Pickles? Genau. Die farbenfrohen Gem\u00fcsest\u00fcckchen. Die pikante Beilage mit Pfiff. Genau so kunterbunt zusammengew\u00fcrfelt sind die Mitglieder der Aaretaler Big Band. Die Charaktere, Berufe, Wohnorte m\u00f6gen ganz und gar unterschiedlich sein \u2013 was die 17 Musikerinnen und Musiker vereint ist die Freude an der Musik, die Leidenschaft f\u00fcr peppigen, dynamischen, spannungsgeladenen Big-Band Sound.<\/p>\n<p>Die Urspr\u00fcnge der Mixed Pickles Big Band liegen \u00fcber ein Vierteljahrhundert zur\u00fcck. Aus einer Ad-Hoc-Formation zur Vertonung eines Theaterst\u00fccks entstand \u00fcber die Jahre eine ambitionierte Band, die in den letzten rund 10 Jahren nur noch wenige Wechsel erfuhr und an einem vielseitigen Repertoire aus Swing, Bebop, Latin, Rock oder Funk feilte. Big-Band-Klassikern von Count Basie oder Duke Ellington stellt die Truppe unter der Leitung von Saxophonist Fritz Walther immer wieder Ausfl\u00fcge in ausgefallene, manchmal gar experimentelle Gefilde entgegen. Mal erklingt ein Volkslied in nie geh\u00f6rter Variation. Mal verbindet eine Eigenkomposition Ska und klassische Elemente. Mal mischt sich das Alphorn unter die klassische Big-Band-Besetzung. An ihren Konzerten tritt die Mixed Pickles Big Band auch mal mit Prominenz aus der Schweizer Jazzszene wie dem Posaunisten Vincent Lachat auf, entf\u00fchrt die Zuh\u00f6rerinnen und Zuh\u00f6rer auf eine musikalische Weltreise oder spielt live den Soundtrack zum Hollywood-Klassiker \u201eThe Glenn Miller Story\u201c.<\/p>\n<p>&nbsp;<\/p>\n","protected":false},"excerpt":{"rendered":"<p>\u00a0Die Mixed Pickles Big Band heisst Sie willkommen! Mixed Pickles? Genau. Die farbenfrohen Gem\u00fcsest\u00fcckchen. Die pikante Beilage mit Pfiff. Genau so kunterbunt zusammengew\u00fcrfelt sind die Mitglieder der Aaretaler Big Band. Die Charaktere, Berufe, Wohnorte m\u00f6gen ganz und gar unterschiedlich sein \u2013 was die 17 Musikerinnen und Musiker vereint ist die Freude an der Musik, die [&hellip;]<\/p>\n","protected":false},"author":1,"featured_media":110,"parent":0,"menu_order":1,"comment_status":"closed","ping_status":"closed","template":"","meta":{"footnotes":""},"class_list":["post-28","page","type-page","status-publish","has-post-thumbnail","hentry"],"_links":{"self":[{"href":"https:\/\/www.mixedpicklesbigband.ch\/wordpress\/wp-json\/wp\/v2\/pages\/28","targetHints":{"allow":["GET"]}}],"collection":[{"href":"https:\/\/www.mixedpicklesbigband.ch\/wordpress\/wp-json\/wp\/v2\/pages"}],"about":[{"href":"https:\/\/www.mixedpicklesbigband.ch\/wordpress\/wp-json\/wp\/v2\/types\/page"}],"author":[{"embeddable":true,"href":"https:\/\/www.mixedpicklesbigband.ch\/wordpress\/wp-json\/wp\/v2\/users\/1"}],"replies":[{"embeddable":true,"href":"https:\/\/www.mixedpicklesbigband.ch\/wordpress\/wp-json\/wp\/v2\/comments?post=28"}],"version-history":[{"count":10,"href":"https:\/\/www.mixedpicklesbigband.ch\/wordpress\/wp-json\/wp\/v2\/pages\/28\/revisions"}],"predecessor-version":[{"id":427,"href":"https:\/\/www.mixedpicklesbigband.ch\/wordpress\/wp-json\/wp\/v2\/pages\/28\/revisions\/427"}],"wp:featuredmedia":[{"embeddable":true,"href":"https:\/\/www.mixedpicklesbigband.ch\/wordpress\/wp-json\/wp\/v2\/media\/110"}],"wp:attachment":[{"href":"https:\/\/www.mixedpicklesbigband.ch\/wordpress\/wp-json\/wp\/v2\/media?parent=28"}],"curies":[{"name":"wp","href":"https:\/\/api.w.org\/{rel}","templated":true}]}}